{"id":2805,"date":"2014-11-13T12:26:43","date_gmt":"2014-11-13T12:26:43","guid":{"rendered":"http:\/\/seventhqueen.com\/demo\/kleo\/?page_id=2805"},"modified":"2020-05-18T10:33:24","modified_gmt":"2020-05-18T10:33:24","slug":"home","status":"publish","type":"page","link":"https:\/\/demijohn.hu\/en\/","title":{"rendered":"Home"},"content":{"rendered":"<section class=\"wpb-content-wrapper\"><p>[vc_row padding_top=&#8221;&#8221; padding_bottom=&#8221;&#8221;][vc_column][rev_slider_vc alias=&#8221;home-page-slider&#8221;][\/vc_column][\/vc_row][vc_row padding_top=&#8221;80&#8243; border=&#8221;bottom&#8221;][vc_column]<div class=\"woocommerce columns-5 \"><\/div>[\/vc_column][\/vc_row][vc_row][vc_column width=&#8221;1\/2&#8243;][vc_single_image image=&#8221;5328&#8243; img_size=&#8221;full&#8221; alignment=&#8221;center&#8221; style=&#8221;vc_box_shadow_3d&#8221; box_shadow=&#8221;zoom&#8221; title=&#8221;TOMCS\u00c1NYI FAMILY ESTATE&#8221;][vc_column_text]<\/p>\n<h4 style=\"text-align: center;\"><em>&#8220;We see the estat as a garden where bugs, birds, fruit trees and many other plants live together;where we must oversee the harmony, which results int the creation of the base material for the wine.&#8221;<\/em><\/h4>\n<p>[\/vc_column_text]<div class=\"text-center\"><a class=\"btn with-icon btn-primary btn-text-animated\" href=\"http:\/\/demijohn.hu\/en\/cellar-representation\/\" style=\"font-weight: 700;\"><span><i class=\"icon-angle-circled-right\" ><\/i> <\/span><span><\/span><\/a><\/div>[\/vc_column][vc_column width=&#8221;1\/2&#8243;][vc_single_image image=&#8221;5556&#8243; img_size=&#8221;large&#8221; alignment=&#8221;center&#8221; style=&#8221;vc_box_shadow_3d&#8221; box_shadow=&#8221;zoom&#8221; title=&#8221;Coming soon!&#8221;][vc_column_text]<\/p>\n<h4>Grape varieties of Hungary and the Carpathian Basin from Soml\u00f3 Kincse K\u00e9zm\u0171ves Pince<\/h4>\n<h4>S\u00e1rfeh\u00e9r 2018\u00a0 \u00a0&#x1f347;\u00a0 Budai 2018\u00a0 &#x1f347;\u00a0 \u00a0 H\u00e1rslevel\u0171 2018<\/h4>\n<p>&nbsp;<\/p>\n<p>[\/vc_column_text][\/vc_column][\/vc_row][vc_row][vc_column width=&#8221;1\/2&#8243;][vc_images_carousel images=&#8221;5515,5560&#8243; img_size=&#8221;large&#8221; onclick=&#8221;link_no&#8221;][vc_column_text text_color=&#8221;#dd3333&#8243;]<\/p>\n<h4>SOML\u00d3 KINCSE HANDCRAFT WINE CELLAR GOH\u00c9R 2018<\/h4>\n<p>Goh\u00e9r is one of the oldest Pannonian grape varieties. Due to its female flower, it needs to be pollinated, so it produces very little, but it gives wonderful wine, which is why it has long been considered a \u201cLord\u2019s Grape\u201d. The Soml\u00f3 Kincse Handicraft\u00a0 Wine Cellar on the eastern side of Soml\u00f3, in traditional bush-trained farming, takes care of 11 ancient grape varieties from the Carpathian Basin, including Goh\u00e9r, in a way that is suitable for organic cultivation. Goh\u00e9r 2018 is a gracefully aromatic wine thanks to the honey-floral chords, while in the taste a kind of salty minerality appears. A very rich sip is wide and comletely fills the mouth. A real umami experience! \u2764[\/vc_column_text]<div class=\"text-center\"><a class=\"btn with-icon btn-primary btn-text-animated\" href=\"http:\/\/demijohn.hu\/en\/product\/somlo-kincse-goher-2018\/\" style=\"font-weight: 700;\"><span><i class=\"icon-basket\" ><\/i> BUY<\/span><span><\/span><\/a><\/div>[\/vc_column][vc_column width=&#8221;1\/2&#8243;][vc_single_image image=&#8221;5511&#8243; img_size=&#8221;large&#8221; alignment=&#8221;center&#8221; style=&#8221;vc_box_shadow_3d&#8221; box_shadow=&#8221;zoom&#8221;][vc_column_text text_color=&#8221;#dd3333&#8243;]<\/p>\n<h4>TOMCS\u00c1NYI FAMILY ESTATE CHARDONNAY 2019<\/h4>\n<p>It was fermented in a tank, a sandwich for 2 weeks, then matured in 225-liter second-fill cooper barrels and bottled from there. Unfiltered, unfined, without the addition of sulfur, a total of 300 bottles were made from it. In addition to the creaminess, it also has a vibrant citrus in its aroma and taste, but in addition to these notes, orange jam and ripe nectarines appear in it. With a fine tannin texture and tiny grapefruit tartness at the end of the sip.[\/vc_column_text]<div class=\"text-center\"><a class=\"btn with-icon btn-primary btn-text-animated\" href=\"http:\/\/demijohn.hu\/en\/product\/tomcsanyi-chardonnay-2019\/\" style=\"font-weight: 700;\"><span><i class=\"icon-basket\" ><\/i> BUY<\/span><span><\/span><\/a><\/div>[\/vc_column][\/vc_row][vc_row text_align=&#8221;center&#8221; text_color=&#8221;#b60e0c&#8221; padding_top=&#8221;80&#8243;][vc_column width=&#8221;1\/3&#8243;][vc_single_image image=&#8221;5405&#8243; img_size=&#8221;large&#8221; add_caption=&#8221;yes&#8221; alignment=&#8221;center&#8221; style=&#8221;vc_box_shadow_3d&#8221; box_shadow=&#8221;zoom&#8221;]<div class=\"text-center\"><a class=\"btn with-icon btn-default btn-xl btn-text-animated\" href=\"http:\/\/demijohn.hu\/en\/termekkategoria\/sales\/sales-sanzon-tokaj-selection\/\" style=\"font-weight: 700;\"><span><i class=\"icon-basket\" ><\/i> BUY<\/span><span><\/span><\/a><\/div>[\/vc_column][vc_column width=&#8221;1\/3&#8243;][vc_single_image image=&#8221;5369&#8243; img_size=&#8221;large&#8221; alignment=&#8221;center&#8221; style=&#8221;vc_box_shadow_3d&#8221; box_shadow=&#8221;zoom&#8221;]<div class=\"text-center\"><a class=\"btn with-icon btn-default btn-xl btn-text-animated\" href=\"http:\/\/demijohn.hu\/en\/termekkategoria\/wines\/?filter_winery=tomcsanyi-csaladi-birtok-en\" style=\"font-weight: 700;\"><span><i class=\"icon-basket\" ><\/i> BUY<\/span><span><\/span><\/a><\/div>[\/vc_column][vc_column width=&#8221;1\/3&#8243;][vc_single_image image=&#8221;5365&#8243; img_size=&#8221;large&#8221; alignment=&#8221;center&#8221; style=&#8221;vc_box_shadow_3d&#8221; box_shadow=&#8221;zoom&#8221;]<div class=\"text-center\"><a class=\"btn with-icon btn-default btn-xl btn-text-animated\" href=\"http:\/\/demijohn.hu\/en\/product\/gallay-turan-2017\/\" style=\"font-weight: 700;\"><span><i class=\"icon-basket\" ><\/i> BUY<\/span><span><\/span><\/a><\/div>[\/vc_column][\/vc_row][vc_row][vc_column width=&#8221;1\/2&#8243;][vc_video link=&#8221;https:\/\/www.youtube.com\/watch?v=LuQQ8BOLM7M&amp;t=5s&#8221; align=&#8221;center&#8221;][\/vc_column][vc_column width=&#8221;1\/2&#8243;][vc_video link=&#8221;https:\/\/www.youtube.com\/watch?v=33a0gnonKdI&amp;t=16s&#8221; align=&#8221;center&#8221;][\/vc_column][\/vc_row][vc_row text_align=&#8221;center&#8221; padding_top=&#8221;80&#8243; padding_bottom=&#8221;80&#8243; border=&#8221;bottom&#8221;][vc_column width=&#8221;1\/3&#8243;][vc_column_text]<\/p>\n<h3>CELLAR REPRESENTATION<\/h3>\n<p class=\"Textbody\">I am conducting the sales and representation work of 10 Hungarian family winery to help them countinously build their reputation and and I help their products to reach the prospective partners and consumers on a timely basis.<\/p>\n<p>[\/vc_column_text][vc_single_image image=&#8221;3364&#8243; img_size=&#8221;full&#8221; alignment=&#8221;center&#8221;][\/vc_column][vc_column width=&#8221;1\/3&#8243;][vc_column_text]<\/p>\n<h3>BLIND WINE TASTING GAME<\/h3>\n<p>Play while learning, learning while having fun! We would like to introduce you to a new board game; blind tasting in a playful way.[\/vc_column_text][vc_single_image image=&#8221;3316&#8243; img_size=&#8221;full&#8221;][\/vc_column][vc_column width=&#8221;1\/3&#8243;][vc_column_text]<\/p>\n<h3>RENT GLASSES<\/h3>\n<p>Come and rent Riedel&#8217;s glasses when you are lacking them at home and the friends are coming or\u00a0 you are organizing a corporate event for your colleagues, when you&#8217;re having family events or just getting married, and all cases the wine is in the leading role.[\/vc_column_text][vc_single_image image=&#8221;3318&#8243; img_size=&#8221;full&#8221;][\/vc_column][\/vc_row]<\/p>\n<\/section>","protected":false},"excerpt":{"rendered":"<p>[vc_row padding_top=&#8221;&#8221; padding_bottom=&#8221;&#8221;][vc_column][rev_slider_vc alias=&#8221;home-page-slider&#8221;][\/vc_column][\/vc_row][vc_row padding_top=&#8221;80&#8243; border=&#8221;bottom&#8221;][vc_column][\/vc_column][\/vc_row][vc_row][vc_column width=&#8221;1\/2&#8243;][vc_single_image image=&#8221;5328&#8243; img_size=&#8221;full&#8221; alignment=&#8221;center&#8221; style=&#8221;vc_box_shadow_3d&#8221; box_shadow=&#8221;zoom&#8221; title=&#8221;TOMCS\u00c1NYI FAMILY ESTATE&#8221;][vc_column_text] &#8220;We see the estat as [&hellip;]<\/p>\n","protected":false},"author":1,"featured_media":0,"parent":0,"menu_order":0,"comment_status":"open","ping_status":"closed","template":"page-templates\/full-width.php","meta":{"_uag_custom_page_level_css":"","site-sidebar-layout":"no-sidebar","site-content-layout":"plain-container","ast-site-content-layout":"default","site-content-style":"default","site-sidebar-style":"default","ast-global-header-display":"","ast-banner-title-visibility":"","ast-main-header-display":"","ast-hfb-above-header-display":"","ast-hfb-below-header-display":"","ast-hfb-mobile-header-display":"","site-post-title":"disabled","ast-breadcrumbs-content":"","ast-featured-img":"disabled","footer-sml-layout":"","ast-disable-related-posts":"","theme-transparent-header-meta":"","adv-header-id-meta":"","stick-header-meta":"","header-above-stick-meta":"","header-main-stick-meta":"","header-below-stick-meta":"","astra-migrate-meta-layouts":"default","ast-page-background-enabled":"default","ast-page-background-meta":{"desktop":{"background-color":"var(--ast-global-color-4)","background-image":"","background-repeat":"repeat","background-position":"center center","background-size":"auto","background-attachment":"scroll","background-type":"","background-media":"","overlay-type":"","overlay-color":"","overlay-opacity":"","overlay-gradient":""},"tablet":{"background-color":"","background-image":"","background-repeat":"repeat","background-position":"center center","background-size":"auto","background-attachment":"scroll","background-type":"","background-media":"","overlay-type":"","overlay-color":"","overlay-opacity":"","overlay-gradient":""},"mobile":{"background-color":"","background-image":"","background-repeat":"repeat","background-position":"center center","background-size":"auto","background-attachment":"scroll","background-type":"","background-media":"","overlay-type":"","overlay-color":"","overlay-opacity":"","overlay-gradient":""}},"ast-content-background-meta":{"desktop":{"background-color":"var(--ast-global-color-5)","background-image":"","background-repeat":"repeat","background-position":"center center","background-size":"auto","background-attachment":"scroll","background-type":"","background-media":"","overlay-type":"","overlay-color":"","overlay-opacity":"","overlay-gradient":""},"tablet":{"background-color":"var(--ast-global-color-5)","background-image":"","background-repeat":"repeat","background-position":"center center","background-size":"auto","background-attachment":"scroll","background-type":"","background-media":"","overlay-type":"","overlay-color":"","overlay-opacity":"","overlay-gradient":""},"mobile":{"background-color":"var(--ast-global-color-5)","background-image":"","background-repeat":"repeat","background-position":"center center","background-size":"auto","background-attachment":"scroll","background-type":"","background-media":"","overlay-type":"","overlay-color":"","overlay-opacity":"","overlay-gradient":""}},"footnotes":""},"class_list":["post-2805","page","type-page","status-publish","hentry"],"uagb_featured_image_src":{"full":false,"thumbnail":false,"medium":false,"medium_large":false,"large":false,"1536x1536":false,"2048x2048":false,"woocommerce_thumbnail":false,"woocommerce_single":false,"woocommerce_gallery_thumbnail":false},"uagb_author_info":{"display_name":"admin","author_link":"https:\/\/demijohn.hu\/en\/author\/admin\/"},"uagb_comment_info":0,"uagb_excerpt":"[vc_row padding_top=&#8221;&#8221; padding_bottom=&#8221;&#8221;][vc_column][rev_slider_vc alias=&#8221;home-page-slider&#8221;][\/vc_column][\/vc_row][vc_row padding_top=&#8221;80&#8243; border=&#8221;bottom&#8221;][vc_column][\/vc_column][\/vc_row][vc_row][vc_column width=&#8221;1\/2&#8243;][vc_single_image image=&#8221;5328&#8243; img_size=&#8221;full&#8221; alignment=&#8221;center&#8221; style=&#8221;vc_box_shadow_3d&#8221; box_shadow=&#8221;zoom&#8221; title=&#8221;TOMCS\u00c1NYI FAMILY ESTATE&#8221;][vc_column_text] &#8220;We see the estat as [&hellip;]","_links":{"self":[{"href":"https:\/\/demijohn.hu\/en\/wp-json\/wp\/v2\/pages\/2805","targetHints":{"allow":["GET"]}}],"collection":[{"href":"https:\/\/demijohn.hu\/en\/wp-json\/wp\/v2\/pages"}],"about":[{"href":"https:\/\/demijohn.hu\/en\/wp-json\/wp\/v2\/types\/page"}],"author":[{"embeddable":true,"href":"https:\/\/demijohn.hu\/en\/wp-json\/wp\/v2\/users\/1"}],"replies":[{"embeddable":true,"href":"https:\/\/demijohn.hu\/en\/wp-json\/wp\/v2\/comments?post=2805"}],"version-history":[{"count":43,"href":"https:\/\/demijohn.hu\/en\/wp-json\/wp\/v2\/pages\/2805\/revisions"}],"predecessor-version":[{"id":5589,"href":"https:\/\/demijohn.hu\/en\/wp-json\/wp\/v2\/pages\/2805\/revisions\/5589"}],"wp:attachment":[{"href":"https:\/\/demijohn.hu\/en\/wp-json\/wp\/v2\/media?parent=2805"}],"curies":[{"name":"wp","href":"https:\/\/api.w.org\/{rel}","templated":true}]}}